{"id":2,"date":"2010-07-06T10:23:24","date_gmt":"2010-07-06T10:23:24","guid":{"rendered":"http:\/\/andreas-muenstermann.de\/?page_id=2"},"modified":"2020-07-22T19:50:43","modified_gmt":"2020-07-22T19:50:43","slug":"about","status":"publish","type":"page","link":"https:\/\/andreas-muenstermann.de\/?page_id=2","title":{"rendered":"KuSCA"},"content":{"rendered":"<div id=\"yui_3_16_0_ym19_1_1482927889517_7929\" dir=\"ltr\"><em id=\"yui_3_16_0_ym19_1_1482927889517_8167\"><strong id=\"yui_3_16_0_ym19_1_1482927889517_8166\">KuSCA<\/strong><\/em>:\u00a0 wir vier haben uns 2015 zu dieser Leipzig &#8211; Berliner K\u00fcnstlergruppe<\/div>\n<div id=\"yui_3_16_0_ym19_1_1482927889517_8043\" dir=\"ltr\">zusammengegeschlossen mit der Absicht, uns gegenseitig in unserer Arbeit<\/div>\n<div id=\"yui_3_16_0_ym19_1_1482927889517_8293\" dir=\"ltr\">und bei der Pr\u00e4sentation unserer Arbeiten zu unterst\u00fctzen.<\/div>\n<p>Ein unbedingtes Ziel: <em id=\"yui_3_16_0_ym19_1_1482927889517_8212\"><strong id=\"yui_3_16_0_ym19_1_1482927889517_8211\">Einmal im Jahr eine Gruppenausstellung !<\/strong><\/em><\/p>\n<p><a href=\"http:\/\/andreas-muenstermann.de\/wp-content\/uploads\/2020\/07\/2020-KuSCA-Karte.jpg\"><img loading=\"lazy\" decoding=\"async\" class=\"alignleft size-full wp-image-1294\" src=\"http:\/\/andreas-muenstermann.de\/wp-content\/uploads\/2020\/07\/2020-KuSCA-Karte.jpg\" alt=\"\" width=\"1200\" height=\"760\" srcset=\"https:\/\/andreas-muenstermann.de\/wp-content\/uploads\/2020\/07\/2020-KuSCA-Karte.jpg 1200w, https:\/\/andreas-muenstermann.de\/wp-content\/uploads\/2020\/07\/2020-KuSCA-Karte-300x190.jpg 300w, https:\/\/andreas-muenstermann.de\/wp-content\/uploads\/2020\/07\/2020-KuSCA-Karte-768x486.jpg 768w, https:\/\/andreas-muenstermann.de\/wp-content\/uploads\/2020\/07\/2020-KuSCA-Karte-1024x649.jpg 1024w\" sizes=\"auto, (max-width: 1200px) 100vw, 1200px\" \/><\/a><a href=\"http:\/\/andreas-muenstermann.de\/wp-content\/uploads\/2019\/11\/2019-12-07-Ausstellung-Salon-S1.jpg\"><img loading=\"lazy\" decoding=\"async\" class=\"alignleft size-full wp-image-748\" src=\"http:\/\/andreas-muenstermann.de\/wp-content\/uploads\/2019\/11\/2019-12-07-Ausstellung-Salon-S1.jpg\" alt=\"\" width=\"1200\" height=\"860\" srcset=\"https:\/\/andreas-muenstermann.de\/wp-content\/uploads\/2019\/11\/2019-12-07-Ausstellung-Salon-S1.jpg 1200w, https:\/\/andreas-muenstermann.de\/wp-content\/uploads\/2019\/11\/2019-12-07-Ausstellung-Salon-S1-300x215.jpg 300w, https:\/\/andreas-muenstermann.de\/wp-content\/uploads\/2019\/11\/2019-12-07-Ausstellung-Salon-S1-768x550.jpg 768w, https:\/\/andreas-muenstermann.de\/wp-content\/uploads\/2019\/11\/2019-12-07-Ausstellung-Salon-S1-1024x734.jpg 1024w\" sizes=\"auto, (max-width: 1200px) 100vw, 1200px\" \/><\/a><\/p>\n<p><a href=\"http:\/\/andreas-muenstermann.de\/wp-content\/uploads\/2010\/07\/KuSCA.jpg\"><img loading=\"lazy\" decoding=\"async\" class=\"aligncenter size-full wp-image-553\" title=\"KuSCA\" src=\"http:\/\/andreas-muenstermann.de\/wp-content\/uploads\/2010\/07\/KuSCA.jpg\" alt=\"\" width=\"1000\" height=\"1414\" srcset=\"https:\/\/andreas-muenstermann.de\/wp-content\/uploads\/2010\/07\/KuSCA.jpg 1000w, https:\/\/andreas-muenstermann.de\/wp-content\/uploads\/2010\/07\/KuSCA-212x300.jpg 212w, https:\/\/andreas-muenstermann.de\/wp-content\/uploads\/2010\/07\/KuSCA-724x1024.jpg 724w\" sizes=\"auto, (max-width: 1000px) 100vw, 1000px\" \/><\/a><\/p>\n<p><a href=\"http:\/\/andreas-muenstermann.de\/wp-content\/uploads\/2010\/07\/Ausstelungskarte-2016-04-291.jpg\"><img loading=\"lazy\" decoding=\"async\" class=\"aligncenter size-full wp-image-517\" title=\"Ausstelungskarte-2016-04-29\" src=\"http:\/\/andreas-muenstermann.de\/wp-content\/uploads\/2010\/07\/Ausstelungskarte-2016-04-291.jpg\" alt=\"\" width=\"1000\" height=\"633\" srcset=\"https:\/\/andreas-muenstermann.de\/wp-content\/uploads\/2010\/07\/Ausstelungskarte-2016-04-291.jpg 1000w, https:\/\/andreas-muenstermann.de\/wp-content\/uploads\/2010\/07\/Ausstelungskarte-2016-04-291-300x189.jpg 300w\" sizes=\"auto, (max-width: 1000px) 100vw, 1000px\" \/><\/a><\/p>\n","protected":false},"excerpt":{"rendered":"<p>KuSCA:\u00a0 wir vier haben uns 2015 zu dieser Leipzig &#8211; Berliner K\u00fcnstlergruppe zusammengegeschlossen mit der Absicht, uns gegenseitig in unserer Arbeit und bei der Pr\u00e4sentation unserer Arbeiten zu unterst\u00fctzen. Ein unbedingtes Ziel: Einmal im Jahr eine Gruppenausstellung !<\/p>\n","protected":false},"author":1,"featured_media":0,"parent":0,"menu_order":0,"comment_status":"closed","ping_status":"closed","template":"","meta":{"ngg_post_thumbnail":0,"footnotes":""},"class_list":["post-2","page","type-page","status-publish","hentry"],"_links":{"self":[{"href":"https:\/\/andreas-muenstermann.de\/index.php?rest_route=\/wp\/v2\/pages\/2","targetHints":{"allow":["GET"]}}],"collection":[{"href":"https:\/\/andreas-muenstermann.de\/index.php?rest_route=\/wp\/v2\/pages"}],"about":[{"href":"https:\/\/andreas-muenstermann.de\/index.php?rest_route=\/wp\/v2\/types\/page"}],"author":[{"embeddable":true,"href":"https:\/\/andreas-muenstermann.de\/index.php?rest_route=\/wp\/v2\/users\/1"}],"replies":[{"embeddable":true,"href":"https:\/\/andreas-muenstermann.de\/index.php?rest_route=%2Fwp%2Fv2%2Fcomments&post=2"}],"version-history":[{"count":13,"href":"https:\/\/andreas-muenstermann.de\/index.php?rest_route=\/wp\/v2\/pages\/2\/revisions"}],"predecessor-version":[{"id":1296,"href":"https:\/\/andreas-muenstermann.de\/index.php?rest_route=\/wp\/v2\/pages\/2\/revisions\/1296"}],"wp:attachment":[{"href":"https:\/\/andreas-muenstermann.de\/index.php?rest_route=%2Fwp%2Fv2%2Fmedia&parent=2"}],"curies":[{"name":"wp","href":"https:\/\/api.w.org\/{rel}","templated":true}]}}