{"id":121,"date":"2011-04-21T14:52:49","date_gmt":"2011-04-21T14:52:49","guid":{"rendered":"http:\/\/andreas-muenstermann.de\/?page_id=121"},"modified":"2021-08-23T18:15:20","modified_gmt":"2021-08-23T18:15:20","slug":"home","status":"publish","type":"page","link":"https:\/\/andreas-muenstermann.de\/","title":{"rendered":"Home"},"content":{"rendered":"<p>&nbsp;<\/p>\n<p><a href=\"http:\/\/andreas-muenstermann.de\/wp-content\/uploads\/2011\/04\/Bild-256b.jpg\"><img loading=\"lazy\" decoding=\"async\" class=\"alignleft wp-image-571 \" title=\"Bild-256b\" src=\"http:\/\/andreas-muenstermann.de\/wp-content\/uploads\/2011\/04\/Bild-256b-e1629742409497.jpg\" alt=\"\" width=\"300\" height=\"466\"><\/a><span style=\"color: #993300;\"><strong><strong>&#8222;D<\/strong>as Auge macht das Bild, <\/strong><strong>nicht die Kamera.&#8220; <\/strong><\/span><\/p>\n<p><span style=\"color: #993300;\"><strong><em>Gis\u00e8le Freund<\/em><\/strong><\/span><\/p>\n<p><span style=\"color: #993300;\"><strong>&#8222;Ein gutes Foto ist ein Foto, auf das man l\u00e4nger als eine Sekunde schaut.&#8220; <em><br \/>\n<\/em><\/strong><\/span><\/p>\n<p><span style=\"color: #993300;\"><strong><em>Henri Cartier-Bresson<\/em><\/strong><\/span><\/p>\n<p><span style=\"color: #993300;\"><strong>&#8222;Photographieren ist mehr als auf den Ausl\u00f6ser dr\u00fccken.&#8220; <em><br \/>\n<\/em><\/strong><\/span><\/p>\n<p style=\"text-align: left;\"><span style=\"color: #993300;\"><strong><em>Bettina Rheims<\/em><\/strong><\/span><\/p>\n<p style=\"text-align: left;\"><span style=\"color: #993300;\"><strong>&#8222;Fotografiere niemals etwas, das dich nicht interessiert!&#8220; <\/strong><\/span><\/p>\n<p style=\"text-align: left;\"><span style=\"color: #993300;\"><strong><em>Lisette Modell<\/em><\/strong><\/span><\/p>\n<p><span style=\"color: #800000;\"><strong><em>&nbsp;<\/em><\/strong><\/span><\/p>\n<div style=\"overflow: hidden; height: 1px;\"><a href=\"https:\/\/online-echtgeld-casino.de\/\">online casino ohne anmeldung<\/a><\/div>\n<div style=\"overflow: hidden; height: 1px;\"><a href=\"https:\/\/777spielen.com\/spielautomaten\/\">kostenlose spielautomaten<\/a><\/div>\n","protected":false},"excerpt":{"rendered":"<p>&nbsp; &#8222;Das Auge macht das Bild, nicht die Kamera.&#8220; Gis\u00e8le Freund &#8222;Ein gutes Foto ist ein Foto, auf das man l\u00e4nger als eine Sekunde schaut.&#8220; Henri Cartier-Bresson &#8222;Photographieren ist mehr als auf den Ausl\u00f6ser dr\u00fccken.&#8220; Bettina Rheims &#8222;Fotografiere niemals etwas, &hellip; <a href=\"https:\/\/andreas-muenstermann.de\/\">Weiterlesen <span class=\"meta-nav\">&rarr;<\/span><\/a><\/p>\n","protected":false},"author":1,"featured_media":0,"parent":0,"menu_order":0,"comment_status":"closed","ping_status":"closed","template":"","meta":{"ngg_post_thumbnail":0,"footnotes":""},"class_list":["post-121","page","type-page","status-publish","hentry"],"_links":{"self":[{"href":"https:\/\/andreas-muenstermann.de\/index.php?rest_route=\/wp\/v2\/pages\/121","targetHints":{"allow":["GET"]}}],"collection":[{"href":"https:\/\/andreas-muenstermann.de\/index.php?rest_route=\/wp\/v2\/pages"}],"about":[{"href":"https:\/\/andreas-muenstermann.de\/index.php?rest_route=\/wp\/v2\/types\/page"}],"author":[{"embeddable":true,"href":"https:\/\/andreas-muenstermann.de\/index.php?rest_route=\/wp\/v2\/users\/1"}],"replies":[{"embeddable":true,"href":"https:\/\/andreas-muenstermann.de\/index.php?rest_route=%2Fwp%2Fv2%2Fcomments&post=121"}],"version-history":[{"count":38,"href":"https:\/\/andreas-muenstermann.de\/index.php?rest_route=\/wp\/v2\/pages\/121\/revisions"}],"predecessor-version":[{"id":1923,"href":"https:\/\/andreas-muenstermann.de\/index.php?rest_route=\/wp\/v2\/pages\/121\/revisions\/1923"}],"wp:attachment":[{"href":"https:\/\/andreas-muenstermann.de\/index.php?rest_route=%2Fwp%2Fv2%2Fmedia&parent=121"}],"curies":[{"name":"wp","href":"https:\/\/api.w.org\/{rel}","templated":true}]}}